{"id":1913,"date":"2025-10-22T12:00:19","date_gmt":"2025-10-22T10:00:19","guid":{"rendered":"https:\/\/atelierdessoufflants.shop\/?post_type=product&#038;p=1913"},"modified":"2026-03-20T18:35:16","modified_gmt":"2026-03-20T17:35:16","slug":"selmer-saxophone-alto-mark-vi-argente-annee-1958-tampons-neuf-2023-etui-neuf-trolley-garantie-2-ans","status":"publish","type":"product","link":"https:\/\/atelierdessoufflants.com\/index.php\/produit\/selmer-saxophone-alto-mark-vi-argente-annee-1958-tampons-neuf-2023-etui-neuf-trolley-garantie-2-ans\/","title":{"rendered":"SELMER SAXOPHONE ALTO MARK VI argent\u00e9 [ ann\u00e9e 1958 tampons neuf 2023, \u00e9tui neuf trolley, garantie 2 ans)"},"content":{"rendered":"<p><strong>GAMME : PRO<\/strong><br \/>\n<strong>ANN\u00c9E : 1958<\/strong><br \/>\n<strong>N\u00b0s\u00e9rie : 74XXX<\/strong><\/p>\n<p>Magnifique saxophone SELMER fin des ann\u00e9es 50, enti\u00e8rement restaur\u00e9, tampons neuf, nacres concave neuve, bec m\u00e9tal d&rsquo;origine, \u00e9tui d&rsquo;origine, \u00e9tui neuf \u00e0 roulette.<br \/>\n\u00c9tat de jeu et de conservation remarquable, cru 5 chiffres, avis au amateurs&#8230;<\/p>\n<p>&nbsp;<\/p>\n<p><strong>GARANTIE 2 ANS<\/strong><\/p>\n","protected":false},"excerpt":{"rendered":"<p>l&rsquo;h\u00e9ritage de l&rsquo;age d&rsquo;or de la facture fran\u00e7aise des ann\u00e9es 50&rsquo;s<\/p>\n","protected":false},"featured_media":1970,"template":"","meta":[],"product_brand":[66],"product_cat":[17,37,47],"product_tag":[],"class_list":{"0":"post-1913","1":"product","2":"type-product","3":"status-publish","4":"has-post-thumbnail","6":"product_brand-henri-selmer-paris","7":"product_cat-occasions","8":"product_cat-saxophones","9":"product_cat-ventes","11":"first","12":"outofstock","13":"sold-individually","14":"shipping-taxable","15":"product-type-simple"},"_links":{"self":[{"href":"https:\/\/atelierdessoufflants.com\/index.php\/wp-json\/wp\/v2\/product\/1913","targetHints":{"allow":["GET"]}}],"collection":[{"href":"https:\/\/atelierdessoufflants.com\/index.php\/wp-json\/wp\/v2\/product"}],"about":[{"href":"https:\/\/atelierdessoufflants.com\/index.php\/wp-json\/wp\/v2\/types\/product"}],"wp:featuredmedia":[{"embeddable":true,"href":"https:\/\/atelierdessoufflants.com\/index.php\/wp-json\/wp\/v2\/media\/1970"}],"wp:attachment":[{"href":"https:\/\/atelierdessoufflants.com\/index.php\/wp-json\/wp\/v2\/media?parent=1913"}],"wp:term":[{"taxonomy":"product_brand","embeddable":true,"href":"https:\/\/atelierdessoufflants.com\/index.php\/wp-json\/wp\/v2\/product_brand?post=1913"},{"taxonomy":"product_cat","embeddable":true,"href":"https:\/\/atelierdessoufflants.com\/index.php\/wp-json\/wp\/v2\/product_cat?post=1913"},{"taxonomy":"product_tag","embeddable":true,"href":"https:\/\/atelierdessoufflants.com\/index.php\/wp-json\/wp\/v2\/product_tag?post=1913"}],"curies":[{"name":"wp","href":"https:\/\/api.w.org\/{rel}","templated":true}]}}