{"id":1867,"date":"2025-10-22T11:50:15","date_gmt":"2025-10-22T09:50:15","guid":{"rendered":"https:\/\/atelierdessoufflants.shop\/?post_type=product&#038;p=1867"},"modified":"2025-11-29T15:03:46","modified_gmt":"2025-11-29T14:03:46","slug":"selmer-serie-3-saxophone-alto-en-tbe-finition-brosse-etui-neuf","status":"publish","type":"product","link":"https:\/\/atelierdessoufflants.com\/index.php\/produit\/selmer-serie-3-saxophone-alto-en-tbe-finition-brosse-etui-neuf\/","title":{"rendered":"SELMER SERIE 3 SAXOPHONE ALTO [en TBE+++, finition bross\u00e9, \u00e9tui neuf]"},"content":{"rendered":"<p><strong>GAMME : PRO<\/strong><br \/>\n<strong>ANN\u00c9E : 2007-2008<\/strong><br \/>\n<strong>N\u00b0s\u00e9rie :695XXX<\/strong><\/p>\n<p>Saxophone alto SELMER s\u00e9rie 3 finition bross\u00e9 cl\u00e9tage vernis.<\/p>\n<p>occasion, en \u00e9tat remarquable (m\u00e9canique, tampons, aspect g\u00e9n\u00e9ral)<\/p>\n<p>aucun choc ou traces de coups, quelques petites traces (taches) sur le vernis<\/p>\n<p>avec \u00e9tuo neuf sac a dos, sans bec<\/p>\n<p>&nbsp;<\/p>\n<p><a href=\"https:\/\/www.selmer.fr\/products\/saxophone-alto-serie-iii?variant=42940948906153\" target=\"_blank\" rel=\"noopener\">INFOS sur le site du fabricant ICI<\/a><\/p>\n<p>&nbsp;<\/p>\n<p><strong>prix neuf entre 5800 et 6500 euros<\/strong><\/p>\n<p><strong>GARANTIE 1 AN<\/strong><\/p>\n","protected":false},"excerpt":{"rendered":"<p>saxophone fran\u00e7ais haut de gamme, finition bross\u00e9, cl\u00e9tage vernis<\/p>\n","protected":false},"featured_media":1875,"template":"","meta":[],"product_brand":[66],"product_cat":[17,37,47],"product_tag":[],"class_list":{"0":"post-1867","1":"product","2":"type-product","3":"status-publish","4":"has-post-thumbnail","6":"product_brand-henri-selmer-paris","7":"product_cat-occasions","8":"product_cat-saxophones","9":"product_cat-ventes","11":"first","12":"outofstock","13":"sold-individually","14":"shipping-taxable","15":"product-type-simple"},"_links":{"self":[{"href":"https:\/\/atelierdessoufflants.com\/index.php\/wp-json\/wp\/v2\/product\/1867","targetHints":{"allow":["GET"]}}],"collection":[{"href":"https:\/\/atelierdessoufflants.com\/index.php\/wp-json\/wp\/v2\/product"}],"about":[{"href":"https:\/\/atelierdessoufflants.com\/index.php\/wp-json\/wp\/v2\/types\/product"}],"wp:featuredmedia":[{"embeddable":true,"href":"https:\/\/atelierdessoufflants.com\/index.php\/wp-json\/wp\/v2\/media\/1875"}],"wp:attachment":[{"href":"https:\/\/atelierdessoufflants.com\/index.php\/wp-json\/wp\/v2\/media?parent=1867"}],"wp:term":[{"taxonomy":"product_brand","embeddable":true,"href":"https:\/\/atelierdessoufflants.com\/index.php\/wp-json\/wp\/v2\/product_brand?post=1867"},{"taxonomy":"product_cat","embeddable":true,"href":"https:\/\/atelierdessoufflants.com\/index.php\/wp-json\/wp\/v2\/product_cat?post=1867"},{"taxonomy":"product_tag","embeddable":true,"href":"https:\/\/atelierdessoufflants.com\/index.php\/wp-json\/wp\/v2\/product_tag?post=1867"}],"curies":[{"name":"wp","href":"https:\/\/api.w.org\/{rel}","templated":true}]}}