{"id":1831,"date":"2025-10-22T11:41:00","date_gmt":"2025-10-22T09:41:00","guid":{"rendered":"https:\/\/atelierdessoufflants.shop\/?post_type=product&#038;p=1831"},"modified":"2026-03-20T18:45:00","modified_gmt":"2026-03-20T17:45:00","slug":"conn-10m-saxophone-tenor-1946-de-vernis-cheminees-roulees-gravure-lady-face","status":"publish","type":"product","link":"https:\/\/atelierdessoufflants.com\/index.php\/produit\/conn-10m-saxophone-tenor-1946-de-vernis-cheminees-roulees-gravure-lady-face\/","title":{"rendered":"CONN 10M SAXOPHONE T\u00c9NOR 1946 [ d\u00e9-vernis, chemin\u00e9es roul\u00e9es, gravure Lady Face]"},"content":{"rendered":"<p><strong>GAMME : pro<\/strong><br \/>\n<strong>ANN\u00c9E : 1946<\/strong><br \/>\n<strong>N\u00b0s\u00e9rie :320XXXX<\/strong><br \/>\n<strong>D\u00c9POT-VENTE<\/strong><\/p>\n<p>Authentique Saxophone CONN 10M \u00ab\u00a0Lady face\u00a0\u00bb finition grav\u00e9 de 1946<br \/>\nTampons r\u00e9sonateurs plastique haut de gamme encore en tr\u00e8s bon \u00e9tat.<br \/>\nchemin\u00e9es roul\u00e9es, m\u00e9canique avec micro-vis<br \/>\navec cl\u00e9 de trille de SOl# main droite, sans Fa#aigu<br \/>\nR\u00e9vision OK, tr\u00e8s bel \u00e9tat g\u00e9n\u00e9ral.<\/p>\n<p>vendu avec \u00e9tui SELMER, sans bec.<br \/>\n\u00e0 venir essayer !<\/p>\n<p><strong>GARANTIE 1 AN<\/strong><\/p>\n","protected":false},"excerpt":{"rendered":"<p>chemin\u00e9es roul\u00e9es, gravure LADY FACE, facture am\u00e9ricaine authentique des ann\u00e9es 40&rsquo;S avec timbre &amp; puissance au RDV<\/p>\n","protected":false},"featured_media":1835,"template":"","meta":[],"product_brand":[73],"product_cat":[17,37,47],"product_tag":[],"class_list":{"0":"post-1831","1":"product","2":"type-product","3":"status-publish","4":"has-post-thumbnail","6":"product_brand-cg-conn","7":"product_cat-occasions","8":"product_cat-saxophones","9":"product_cat-ventes","11":"first","12":"outofstock","13":"sold-individually","14":"shipping-taxable","15":"product-type-simple"},"_links":{"self":[{"href":"https:\/\/atelierdessoufflants.com\/index.php\/wp-json\/wp\/v2\/product\/1831","targetHints":{"allow":["GET"]}}],"collection":[{"href":"https:\/\/atelierdessoufflants.com\/index.php\/wp-json\/wp\/v2\/product"}],"about":[{"href":"https:\/\/atelierdessoufflants.com\/index.php\/wp-json\/wp\/v2\/types\/product"}],"wp:featuredmedia":[{"embeddable":true,"href":"https:\/\/atelierdessoufflants.com\/index.php\/wp-json\/wp\/v2\/media\/1835"}],"wp:attachment":[{"href":"https:\/\/atelierdessoufflants.com\/index.php\/wp-json\/wp\/v2\/media?parent=1831"}],"wp:term":[{"taxonomy":"product_brand","embeddable":true,"href":"https:\/\/atelierdessoufflants.com\/index.php\/wp-json\/wp\/v2\/product_brand?post=1831"},{"taxonomy":"product_cat","embeddable":true,"href":"https:\/\/atelierdessoufflants.com\/index.php\/wp-json\/wp\/v2\/product_cat?post=1831"},{"taxonomy":"product_tag","embeddable":true,"href":"https:\/\/atelierdessoufflants.com\/index.php\/wp-json\/wp\/v2\/product_tag?post=1831"}],"curies":[{"name":"wp","href":"https:\/\/api.w.org\/{rel}","templated":true}]}}