{"id":1792,"date":"2025-10-22T11:33:32","date_gmt":"2025-10-22T09:33:32","guid":{"rendered":"https:\/\/atelierdessoufflants.shop\/?post_type=product&#038;p=1792"},"modified":"2026-03-20T18:45:40","modified_gmt":"2026-03-20T17:45:40","slug":"selmer-axos-saxophone-tenor-finition-verni-grave-promo-neuf-modele-expo-etui-axos-bec-selmer","status":"publish","type":"product","link":"https:\/\/atelierdessoufflants.com\/index.php\/produit\/selmer-axos-saxophone-tenor-finition-verni-grave-promo-neuf-modele-expo-etui-axos-bec-selmer\/","title":{"rendered":"SELMER AXOS SAXOPHONE T\u00c9NOR, finition verni grav\u00e9 [PROMO !! NEUF MOD\u00c8LE EXPO + \u00c9TUI AXOS + BEC SELMER ]"},"content":{"rendered":"<p><strong>GAMME : PRO<\/strong><br \/>\n<strong>ANN\u00c9E : 2021<\/strong><br \/>\n<strong>N\u00b0s\u00e9rie :83XXX<\/strong><\/p>\n<div id=\"description\" class=\"tab-pane fade in active js-product-tab-active\">\n<div class=\"product-description\">\n<p>Con\u00e7u et fabriqu\u00e9 en France dans les ateliers SELMER \u00e0 Mantes-la-Ville.<br \/>\nEntr\u00e9e de gamme professionnelle de la marque, il est porteur des m\u00eames qualit\u00e9s de grande souplesse, de justesse et de projection que les autres saxophones <strong>Henri SELMER Paris<\/strong>.<\/p>\n<p>Sa grande facilit\u00e9 de jeu et son timbre riche en font un instrument id\u00e9al pour \u00ab\u00a0apprivoiser\u00a0\u00bb le t\u00e9nor quel que soit le niveau de jeu.<br \/>\nL\u2019emboitement du bocal simplifi\u00e9 et son tamponnage sp\u00e9cifique amplifient cette sensation de facilit\u00e9.<br \/>\nLes mains se posent naturellement et en toute \u00e9vidence sur son cl\u00e9tage souple et confortable.<br \/>\nLa teinte chaude de son vernis et la finesse de sa gravure signent un t\u00e9nor de grande facture.<\/p>\n<p><strong>MOD\u00c8LE D&rsquo;EXPO NEUF (AUCUN D\u00c9FAUT) PROMO<\/strong><\/p>\n<p>&nbsp;<\/p>\n<p><strong>CARACT\u00c9RISTIQUES:<\/strong><\/p>\n<ul>\n<li>Tonalit\u00e9 : Sib<\/li>\n<li>Tampons cuir avec r\u00e9sonateurs m\u00e9tal<\/li>\n<li>Supports pouce en mat\u00e9riau synth\u00e9tique<\/li>\n<li>Emboiture all\u00e9g\u00e9e<\/li>\n<li>nacres naturelles<\/li>\n<li>Porte pupitre soud\u00e9 sur le corps<\/li>\n<li>Cl\u00e9 de bocal \u00ab S \u00bb exclusive Axos<\/li>\n<li>Nouvelle gravure exclusive Axos<\/li>\n<li>Nouveau vernis gold exclusif Axos<\/li>\n<li>Bec S80<\/li>\n<\/ul>\n<p>&nbsp;<\/p>\n<p>Un \u00e9tui sp\u00e9cialement con\u00e7u pour le saxophone <strong>Axos<\/strong>, avec sangles sac \u00e0 dos.<\/p>\n<\/div>\n<\/div>\n<p><strong>GARANTIE 2 ANS<\/strong><\/p>\n<p><strong> avec 2 r\u00e9visions incluses (1er et 2\u00e8me ann\u00e9es)<br \/>\n<\/strong><\/p>\n<p><strong>PRIX NEUF 2025 : 4690 euros catalogue,\u00a0 4000 avec remises <\/strong><\/p>\n<p>&nbsp;<\/p>\n","protected":false},"excerpt":{"rendered":"<p>LE SON SELMER, mod\u00e8le PRO fabrication France, \u00e9tat neuf EXPO, garantie 2 ans + r\u00e9visions, finition grav\u00e9e<\/p>\n","protected":false},"featured_media":1802,"template":"","meta":[],"product_brand":[66],"product_cat":[17,37,47],"product_tag":[],"class_list":{"0":"post-1792","1":"product","2":"type-product","3":"status-publish","4":"has-post-thumbnail","6":"product_brand-henri-selmer-paris","7":"product_cat-occasions","8":"product_cat-saxophones","9":"product_cat-ventes","11":"first","12":"outofstock","13":"sold-individually","14":"shipping-taxable","15":"product-type-simple"},"_links":{"self":[{"href":"https:\/\/atelierdessoufflants.com\/index.php\/wp-json\/wp\/v2\/product\/1792","targetHints":{"allow":["GET"]}}],"collection":[{"href":"https:\/\/atelierdessoufflants.com\/index.php\/wp-json\/wp\/v2\/product"}],"about":[{"href":"https:\/\/atelierdessoufflants.com\/index.php\/wp-json\/wp\/v2\/types\/product"}],"wp:featuredmedia":[{"embeddable":true,"href":"https:\/\/atelierdessoufflants.com\/index.php\/wp-json\/wp\/v2\/media\/1802"}],"wp:attachment":[{"href":"https:\/\/atelierdessoufflants.com\/index.php\/wp-json\/wp\/v2\/media?parent=1792"}],"wp:term":[{"taxonomy":"product_brand","embeddable":true,"href":"https:\/\/atelierdessoufflants.com\/index.php\/wp-json\/wp\/v2\/product_brand?post=1792"},{"taxonomy":"product_cat","embeddable":true,"href":"https:\/\/atelierdessoufflants.com\/index.php\/wp-json\/wp\/v2\/product_cat?post=1792"},{"taxonomy":"product_tag","embeddable":true,"href":"https:\/\/atelierdessoufflants.com\/index.php\/wp-json\/wp\/v2\/product_tag?post=1792"}],"curies":[{"name":"wp","href":"https:\/\/api.w.org\/{rel}","templated":true}]}}