{"id":1711,"date":"2025-10-22T10:42:54","date_gmt":"2025-10-22T08:42:54","guid":{"rendered":"https:\/\/atelierdessoufflants.shop\/?post_type=product&#038;p=1711"},"modified":"2025-10-22T10:43:52","modified_gmt":"2025-10-22T08:43:52","slug":"embouchures-trompette-schilke-symphonie-occasion-tbe-ou-etat-neuf-avec-boite-dorigine","status":"publish","type":"product","link":"https:\/\/atelierdessoufflants.com\/index.php\/produit\/embouchures-trompette-schilke-symphonie-occasion-tbe-ou-etat-neuf-avec-boite-dorigine\/","title":{"rendered":"EMBOUCHURES TROMPETTE SCHILKE \u00a0\u00bbSYMPHONIE\u00a0\u00bb [OCCASION TBE ou \u00c9TAT NEUF avec boite d&rsquo;origine]"},"content":{"rendered":"<p><strong><span style=\"font-size: 13px;\">S\u00e9rie Symphonie (gros grain) argent\u00e9: <\/span><\/strong><span style=\"font-size: 12px;\">\u00e9tat neuf ou TBE avec boite<\/span><strong><br \/>\n<\/strong><\/p>\n<p><strong><a href=\"https:\/\/www.schilkemusic.com\/products\/mouthpieces\/trumpet\/#symphony-series\" target=\"_blank\" rel=\"noopener\">INFOS SCHILKE <\/a><\/strong><\/p>\n<p><span style=\"font-size: 12px;\"><strong>M2*<br \/>\nM2*<br \/>\nMG1<br \/>\nM150*<\/strong><\/span><\/p>\n<p><span style=\"font-size: 12px;\"><strong>Prix NEUF pratiqu\u00e9 : 157 euros<\/strong><\/span><\/p>\n","protected":false},"excerpt":{"rendered":"<p>grand lot d&#8217;embouchures d&rsquo;occasion en tr\u00e8s bel \u00e9tat ou \u00e9tat neuf, argenture ou plaquage or 100%, avec leur boite d&rsquo;origine<\/p>\n","protected":false},"featured_media":387,"template":"","meta":[],"product_brand":[],"product_cat":[32,17],"product_tag":[],"class_list":{"0":"post-1711","1":"product","2":"type-product","3":"status-publish","4":"has-post-thumbnail","6":"product_cat-embouchures","7":"product_cat-occasions","9":"first","10":"instock","11":"sold-individually","12":"shipping-taxable","13":"purchasable","14":"product-type-simple"},"_links":{"self":[{"href":"https:\/\/atelierdessoufflants.com\/index.php\/wp-json\/wp\/v2\/product\/1711","targetHints":{"allow":["GET"]}}],"collection":[{"href":"https:\/\/atelierdessoufflants.com\/index.php\/wp-json\/wp\/v2\/product"}],"about":[{"href":"https:\/\/atelierdessoufflants.com\/index.php\/wp-json\/wp\/v2\/types\/product"}],"wp:featuredmedia":[{"embeddable":true,"href":"https:\/\/atelierdessoufflants.com\/index.php\/wp-json\/wp\/v2\/media\/387"}],"wp:attachment":[{"href":"https:\/\/atelierdessoufflants.com\/index.php\/wp-json\/wp\/v2\/media?parent=1711"}],"wp:term":[{"taxonomy":"product_brand","embeddable":true,"href":"https:\/\/atelierdessoufflants.com\/index.php\/wp-json\/wp\/v2\/product_brand?post=1711"},{"taxonomy":"product_cat","embeddable":true,"href":"https:\/\/atelierdessoufflants.com\/index.php\/wp-json\/wp\/v2\/product_cat?post=1711"},{"taxonomy":"product_tag","embeddable":true,"href":"https:\/\/atelierdessoufflants.com\/index.php\/wp-json\/wp\/v2\/product_tag?post=1711"}],"curies":[{"name":"wp","href":"https:\/\/api.w.org\/{rel}","templated":true}]}}