{"id":1678,"date":"2025-10-22T10:33:01","date_gmt":"2025-10-22T08:33:01","guid":{"rendered":"https:\/\/atelierdessoufflants.shop\/?post_type=product&#038;p=1678"},"modified":"2025-10-22T10:33:36","modified_gmt":"2025-10-22T08:33:36","slug":"trombone-tenor-king-606-vernis-flight-embouchure-king-mecanique-tbe","status":"publish","type":"product","link":"https:\/\/atelierdessoufflants.com\/index.php\/produit\/trombone-tenor-king-606-vernis-flight-embouchure-king-mecanique-tbe\/","title":{"rendered":"TROMBONE T\u00c9NOR KING 606 vernis [+FLIGHT + EMBOUCHURE KING, m\u00e9canique TBE]"},"content":{"rendered":"<p><strong>D\u00c9P\u00d4T VENTE:<\/strong><br \/>\n<strong>GAMME : interm\u00e9diaire<\/strong><br \/>\n<strong>ANN\u00c9E : autour de 2010 <\/strong><br \/>\n<strong>N\u00b0s\u00e9rie :246529<\/strong><\/p>\n<p>Trombone t\u00e9nor Simple King 606, un grand standard mondial fabriqu\u00e9 \u00e0 eastlake (Ohio) par la firme am\u00e9ricaine pour les trombonistes \u00e9tudiants et beaucoup plus si affinit\u00e9s , une gamme interm\u00e9diaire robuste et fiable qui \u00e0 tr\u00e8s largement fait ses preuves depuis plus de 50 ans.<br \/>\nUn Instrument en tr\u00e8s bon \u00e9tat m\u00e9canique vierge de toutes bosses, impact ou usure.<br \/>\nchrome coulisse en parfait \u00e9tat<br \/>\nDes imperfections vernis n\u00e9anmoins pr\u00e9sentes et visible sur photos petites taches brunes sous le verni sur le pavillon et jonc pavillon (sans aucune incidence sur le son), et bas de coulisse.<\/p>\n<p>tr\u00e8s bonne sonorit\u00e9 et souplesse<\/p>\n<p><strong>Caract\u00e9ristiques :<\/strong><br \/>\nperce 12.77 mm (standard)<br \/>\npavillon 203 mm pavillon laiton<br \/>\ncoulisse exterieure laiton<br \/>\npoids interchangeable<br \/>\nembouchure Vincent Bach 12C<br \/>\n<strong>\u00e9tui rigide coque mod\u00e8le d&rsquo;origine mais pas celui de ce trombone, \u00e9tui tout a fait fonctionnel mais avec traces d&rsquo;usures<\/strong><br \/>\nfinition verni<br \/>\nhuile Slide O Mix \u00ab\u00a0rapid confort\u00a0\u00bb fournie et graisse coulisse J.Meinlschmidt slide grease<\/p>\n<p>&nbsp;<\/p>\n<p><a href=\"https:\/\/www.conn-selmer.com\/en-us\/instruments\/band-instruments\/trombones\/606\" target=\"_blank\" rel=\"noopener\">INFOS FABRICANT<\/a><\/p>\n<p>&nbsp;<\/p>\n<p><strong>GARANTIE 1 AN<\/strong><\/p>\n<p><strong>Valeur neuf environ 1299 euros <\/strong><\/p>\n","protected":false},"excerpt":{"rendered":"<p>une r\u00e9f\u00e9rence en trombone d&rsquo;\u00e9tude ++ et amateur exigeant, fabrication USA,tr\u00e8s bel \u00e9tat m\u00e9canique aucun chocs, coulisse \u00e9galement vierge, taches sur le vernis pavillon et jonc pavillon<\/p>\n","protected":false},"featured_media":1682,"template":"","meta":[],"product_brand":[],"product_cat":[17,31,47],"product_tag":[],"class_list":{"0":"post-1678","1":"product","2":"type-product","3":"status-publish","4":"has-post-thumbnail","6":"product_cat-occasions","7":"product_cat-trombones","8":"product_cat-ventes","10":"first","11":"outofstock","12":"sold-individually","13":"shipping-taxable","14":"product-type-simple"},"_links":{"self":[{"href":"https:\/\/atelierdessoufflants.com\/index.php\/wp-json\/wp\/v2\/product\/1678","targetHints":{"allow":["GET"]}}],"collection":[{"href":"https:\/\/atelierdessoufflants.com\/index.php\/wp-json\/wp\/v2\/product"}],"about":[{"href":"https:\/\/atelierdessoufflants.com\/index.php\/wp-json\/wp\/v2\/types\/product"}],"wp:featuredmedia":[{"embeddable":true,"href":"https:\/\/atelierdessoufflants.com\/index.php\/wp-json\/wp\/v2\/media\/1682"}],"wp:attachment":[{"href":"https:\/\/atelierdessoufflants.com\/index.php\/wp-json\/wp\/v2\/media?parent=1678"}],"wp:term":[{"taxonomy":"product_brand","embeddable":true,"href":"https:\/\/atelierdessoufflants.com\/index.php\/wp-json\/wp\/v2\/product_brand?post=1678"},{"taxonomy":"product_cat","embeddable":true,"href":"https:\/\/atelierdessoufflants.com\/index.php\/wp-json\/wp\/v2\/product_cat?post=1678"},{"taxonomy":"product_tag","embeddable":true,"href":"https:\/\/atelierdessoufflants.com\/index.php\/wp-json\/wp\/v2\/product_tag?post=1678"}],"curies":[{"name":"wp","href":"https:\/\/api.w.org\/{rel}","templated":true}]}}