{"id":1647,"date":"2025-10-22T10:03:56","date_gmt":"2025-10-22T08:03:56","guid":{"rendered":"https:\/\/atelierdessoufflants.shop\/?post_type=product&#038;p=1647"},"modified":"2026-03-20T18:46:11","modified_gmt":"2026-03-20T17:46:11","slug":"antigua-power-bell-saxophone-alto-vernis-garantie-2-ans-suivi-atelier","status":"publish","type":"product","link":"https:\/\/atelierdessoufflants.com\/index.php\/produit\/antigua-power-bell-saxophone-alto-vernis-garantie-2-ans-suivi-atelier\/","title":{"rendered":"ANTIGUA \u00a0\u00bbPOWER BELL\u00a0\u00bb SAXOPHONE ALTO vernis [GARANTIE 2 ANS + SUIVI ATELIER]"},"content":{"rendered":"<p><strong>GAMME : PRO<br \/>\nANN\u00c9E : 2025<\/strong><\/p>\n<p>mod\u00e8le pro de tr\u00e8s bonne fabrication \u00e0 prix accessible.<\/p>\n<div class=\"pa1 txtjustify mbl\"><\/div>\n<div class=\"pa1 txtjustify mbl\"><strong><span style=\"font-size: 14px;\">caract\u00e9ristiques :<br \/>\n<\/span><\/strong><br \/>\n<span style=\"font-size: 14px;\"> Tonalit\u00e9 : Mib<\/span><br \/>\n<span style=\"font-size: 14px;\"> Registre : Sib grave \u00e0 Fa # aigu<\/span><br \/>\n<span style=\"font-size: 14px;\"> Corps : laiton<\/span><br \/>\n<span style=\"font-size: 14px;\"> Culasse : Laiton<\/span><br \/>\n<span style=\"font-size: 14px;\"> Pavillon : laiton<\/span><br \/>\n<span style=\"font-size: 14px;\"> Cl\u00e9s : laiton<\/span><\/div>\n<div class=\"pa1 txtjustify mbl\"><span style=\"font-size: 14px;\">touches:nacres naturelles<\/span><br \/>\n<span style=\"font-size: 14px;\"> Finition : verni grav\u00e9<br \/>\n<\/span><\/div>\n<div class=\"pa1 txtjustify mbl\"><span style=\"font-size: 14px;\">Tampons: pisoni (italie) r\u00e9sonateurs m\u00e9tal<\/span><br \/>\n<span style=\"font-size: 14px;\"> Bocal grav\u00e9: A25<\/span><br \/>\n<span style=\"font-size: 14px;\"> Type de bocal : amovible<\/span><\/div>\n<div class=\"pa1 txtjustify mbl\"><span style=\"font-size: 14px;\">structure renforc\u00e9 du cl\u00e9tage des graves (DO, SI, SIB)<br \/>\n<\/span><\/div>\n<div class=\"pa1 txtjustify mbl\"><span style=\"font-size: 14px;\">\u00e9tui sac \u00e0 dos grand format<\/span><br \/>\n<span style=\"font-size: 14px;\"><br \/>\n<\/span><span style=\"font-size: 14px;\">Marque am\u00e9ricaine TEXAS, Fabrication \u00e0 TAIWAN dans un bassin manufacturier hautement qualitatif.(Advences, Cannonball, Paul Mauriat, OEM)<br \/>\n<\/span><br \/>\n<span style=\"font-size: 14px;\"><strong>GARANTIE :\u00a0 2 ANS fabricant + suivi atelier<br \/>\n<\/strong><\/span><\/div>\n<p>&nbsp;<\/p>\n<div class=\"pa1 txtjustify mbl\"><a href=\"https:\/\/antiguawinds.com\/product\/powerbell-alto-as4248\/\" target=\"_blank\" rel=\"noopener\"><span style=\"font-size: 14px;\">INFOS FABRICANT<\/span><\/a><\/div>\n","protected":false},"excerpt":{"rendered":"<p>un mod\u00e8le pro de tr\u00e8s bonne fabrication Taiwan, super rapport qualit\u00e9 prix<\/p>\n","protected":false},"featured_media":4926,"template":"","meta":[],"product_brand":[79],"product_cat":[40,37],"product_tag":[],"class_list":{"0":"post-1647","1":"product","2":"type-product","3":"status-publish","4":"has-post-thumbnail","6":"product_brand-antigua","7":"product_cat-neufs","8":"product_cat-saxophones","10":"first","11":"outofstock","12":"sale","13":"sold-individually","14":"shipping-taxable","15":"purchasable","16":"product-type-simple"},"_links":{"self":[{"href":"https:\/\/atelierdessoufflants.com\/index.php\/wp-json\/wp\/v2\/product\/1647","targetHints":{"allow":["GET"]}}],"collection":[{"href":"https:\/\/atelierdessoufflants.com\/index.php\/wp-json\/wp\/v2\/product"}],"about":[{"href":"https:\/\/atelierdessoufflants.com\/index.php\/wp-json\/wp\/v2\/types\/product"}],"wp:featuredmedia":[{"embeddable":true,"href":"https:\/\/atelierdessoufflants.com\/index.php\/wp-json\/wp\/v2\/media\/4926"}],"wp:attachment":[{"href":"https:\/\/atelierdessoufflants.com\/index.php\/wp-json\/wp\/v2\/media?parent=1647"}],"wp:term":[{"taxonomy":"product_brand","embeddable":true,"href":"https:\/\/atelierdessoufflants.com\/index.php\/wp-json\/wp\/v2\/product_brand?post=1647"},{"taxonomy":"product_cat","embeddable":true,"href":"https:\/\/atelierdessoufflants.com\/index.php\/wp-json\/wp\/v2\/product_cat?post=1647"},{"taxonomy":"product_tag","embeddable":true,"href":"https:\/\/atelierdessoufflants.com\/index.php\/wp-json\/wp\/v2\/product_tag?post=1647"}],"curies":[{"name":"wp","href":"https:\/\/api.w.org\/{rel}","templated":true}]}}