{"id":1584,"date":"2025-10-19T15:50:55","date_gmt":"2025-10-19T13:50:55","guid":{"rendered":"https:\/\/atelierdessoufflants.shop\/?post_type=product&#038;p=1584"},"modified":"2025-10-19T16:44:17","modified_gmt":"2025-10-19T14:44:17","slug":"sousaphone-conn-14k-vernis-gros-pavillon-660-mm-housse-protec-neuve","status":"publish","type":"product","link":"https:\/\/atelierdessoufflants.com\/index.php\/produit\/sousaphone-conn-14k-vernis-gros-pavillon-660-mm-housse-protec-neuve\/","title":{"rendered":"SOUSAPHONE CONN 14K vernis  [ GROS PAVILLON 660 mm + HOUSSE PROTEC NEUVE]"},"content":{"rendered":"<p><strong>GAMME : PRO<\/strong><br \/>\n<strong>ANN\u00c9E : <\/strong><br \/>\n<strong>N\u00b0s\u00e9rie :<\/strong><\/p>\n<p>fabrication USA<br \/>\nmod\u00e8le 14K<br \/>\nlaiton vernis<br \/>\navec pavillon king 2350 660 mm au lieu de 620mm d&rsquo;origine<br \/>\nguides piston modernis\u00e9s avec guides delrin \u00e0 visser (moins de bruit)<br \/>\nperce 18,5mm<br \/>\npoids: 10.8 kg<br \/>\ntr\u00e8s bonne compression piston<br \/>\nGros son, assez gras dans le bas registre et bien ouvert<br \/>\ntr\u00e8s bonne justesse avec coulisse d&rsquo;accord bien tir\u00e9e<\/p>\n<p><strong>GARANTIE 1 AN<\/strong><\/p>\n<p><strong>Valeur \u00e9quivalent neuf environ 12000 euros <\/strong><\/p>\n","protected":false},"excerpt":{"rendered":"<p>sousaphone made in USA, une r\u00e9f\u00e9rence dans sa cat\u00e9gorie<\/p>\n","protected":false},"featured_media":1604,"template":"","meta":[],"product_brand":[],"product_cat":[17,30,47],"product_tag":[],"class_list":{"0":"post-1584","1":"product","2":"type-product","3":"status-publish","4":"has-post-thumbnail","6":"product_cat-occasions","7":"product_cat-sousaphones","8":"product_cat-ventes","10":"first","11":"outofstock","12":"sold-individually","13":"shipping-taxable","14":"product-type-simple"},"_links":{"self":[{"href":"https:\/\/atelierdessoufflants.com\/index.php\/wp-json\/wp\/v2\/product\/1584","targetHints":{"allow":["GET"]}}],"collection":[{"href":"https:\/\/atelierdessoufflants.com\/index.php\/wp-json\/wp\/v2\/product"}],"about":[{"href":"https:\/\/atelierdessoufflants.com\/index.php\/wp-json\/wp\/v2\/types\/product"}],"wp:featuredmedia":[{"embeddable":true,"href":"https:\/\/atelierdessoufflants.com\/index.php\/wp-json\/wp\/v2\/media\/1604"}],"wp:attachment":[{"href":"https:\/\/atelierdessoufflants.com\/index.php\/wp-json\/wp\/v2\/media?parent=1584"}],"wp:term":[{"taxonomy":"product_brand","embeddable":true,"href":"https:\/\/atelierdessoufflants.com\/index.php\/wp-json\/wp\/v2\/product_brand?post=1584"},{"taxonomy":"product_cat","embeddable":true,"href":"https:\/\/atelierdessoufflants.com\/index.php\/wp-json\/wp\/v2\/product_cat?post=1584"},{"taxonomy":"product_tag","embeddable":true,"href":"https:\/\/atelierdessoufflants.com\/index.php\/wp-json\/wp\/v2\/product_tag?post=1584"}],"curies":[{"name":"wp","href":"https:\/\/api.w.org\/{rel}","templated":true}]}}