{"id":1507,"date":"2026-04-09T14:44:17","date_gmt":"2026-04-09T12:44:17","guid":{"rendered":"https:\/\/atelierdessoufflants.shop\/?post_type=product&#038;p=1507"},"modified":"2026-04-09T22:39:29","modified_gmt":"2026-04-09T20:39:29","slug":"trompette-carol-brass-heavy-ctr-hw9-neuf-branche-inversee-twin-maillechort-laiton-pavillon-phosphore-bronze","status":"publish","type":"product","link":"https:\/\/atelierdessoufflants.com\/index.php\/produit\/trompette-carol-brass-heavy-ctr-hw9-neuf-branche-inversee-twin-maillechort-laiton-pavillon-phosphore-bronze\/","title":{"rendered":"CAROL BRASS CTR-HW9 TROMPETTE SIB   [ PRO HEAVY, branche invers\u00e9e TWIN maillechort\/laiton, pavillon phosphore bronze]\/\/\/EN STOCK\/\/\/"},"content":{"rendered":"<p><strong>GAMME : PRO<\/strong><br \/>\n<strong>ANN\u00c9E : 2026<\/strong><br \/>\n<strong>N\u00b0s\u00e9rie :<br \/>\n<\/strong><\/p>\n<p>trompette Sib CAROL BRASS mod\u00e8le\u00a0 HW9 vernis<strong><br \/>\n<\/strong><\/p>\n<p>mod\u00e8le pro, son large, grosse projection, m\u00e9canique fiable et pr\u00e9cise<\/p>\n<p><strong><br \/>\nCARACT\u00c9RISTIQUES :<\/strong><\/p>\n<p>Tonalit\u00e9: Bb<br \/>\nPerce: ML (0.460\u201d; 11.7mm)<br \/>\nbranche coulisse d&rsquo;accord: invers\u00e9e<br \/>\nPavillon Phosphore Bronze, bordure pavillon avec jonc<br \/>\nType pavillon: L (# 72)<br \/>\nDiam\u00e8tre pavillon: 133 mm<br \/>\nFinition : vernis<br \/>\nbranche embouchure:laiton dans fourreau cylindrique en maillechort (TWIN TUBES)<br \/>\ncoulisses d&rsquo;accord: carr\u00e9e et\/ou arrondie<br \/>\nVis de blocage coulisse 3 \u00e8me<\/p>\n<p><strong>A NOTER : Chez ce fabricant toutes les trompettes sont fournies avec:<br \/>\n<\/strong><br \/>\n<strong>-\u00e9tui sac \u00e0 doc avec poches partitions grand format<\/strong><br \/>\n<strong>-embouchure 3C<\/strong><br \/>\n<strong>-2 coulisses d&rsquo;accord une arrondie et une carr\u00e9e <\/strong><br \/>\n<strong>-3 boutons pistons suppl\u00e9mentaire<\/strong><br \/>\n<strong>-chapeaux lourd suppl\u00e9mentaires sur demande<\/strong><\/p>\n<p><a href=\"https:\/\/www.carolbrass.com\/show_products.aspx?getId=9A464C339A24D76A&amp;getId1=59C956552B3C38AE&amp;getId2=E5808218B9AEC4E2&amp;getId3=B5F4A698F5436B4E&amp;getId4=B80A6EB8261382B3\" target=\"_blank\" rel=\"noopener\">INFOS FABRICANT<\/a><\/p>\n<p><strong>\u00a0GARANTIE 1 AN<\/strong><\/p>\n","protected":false},"excerpt":{"rendered":"<p>mod\u00e8le pro, m\u00e9canique fiable et efficace,branche invers\u00e9e, branche laiton avec fourreau maillechort, gros pavillon<\/p>\n","protected":false},"featured_media":4918,"template":"","meta":[],"product_brand":[78],"product_cat":[40,29,86],"product_tag":[],"class_list":{"0":"post-1507","1":"product","2":"type-product","3":"status-publish","4":"has-post-thumbnail","6":"product_brand-carolbrass","7":"product_cat-neufs","8":"product_cat-trompettes","9":"product_cat-trompettes-neuf","11":"first","12":"instock","13":"sale","14":"sold-individually","15":"shipping-taxable","16":"purchasable","17":"product-type-simple"},"_links":{"self":[{"href":"https:\/\/atelierdessoufflants.com\/index.php\/wp-json\/wp\/v2\/product\/1507","targetHints":{"allow":["GET"]}}],"collection":[{"href":"https:\/\/atelierdessoufflants.com\/index.php\/wp-json\/wp\/v2\/product"}],"about":[{"href":"https:\/\/atelierdessoufflants.com\/index.php\/wp-json\/wp\/v2\/types\/product"}],"wp:featuredmedia":[{"embeddable":true,"href":"https:\/\/atelierdessoufflants.com\/index.php\/wp-json\/wp\/v2\/media\/4918"}],"wp:attachment":[{"href":"https:\/\/atelierdessoufflants.com\/index.php\/wp-json\/wp\/v2\/media?parent=1507"}],"wp:term":[{"taxonomy":"product_brand","embeddable":true,"href":"https:\/\/atelierdessoufflants.com\/index.php\/wp-json\/wp\/v2\/product_brand?post=1507"},{"taxonomy":"product_cat","embeddable":true,"href":"https:\/\/atelierdessoufflants.com\/index.php\/wp-json\/wp\/v2\/product_cat?post=1507"},{"taxonomy":"product_tag","embeddable":true,"href":"https:\/\/atelierdessoufflants.com\/index.php\/wp-json\/wp\/v2\/product_tag?post=1507"}],"curies":[{"name":"wp","href":"https:\/\/api.w.org\/{rel}","templated":true}]}}