{"id":1473,"date":"2025-10-19T14:34:36","date_gmt":"2025-10-19T12:34:36","guid":{"rendered":"https:\/\/atelierdessoufflants.shop\/?post_type=product&#038;p=1473"},"modified":"2026-04-12T12:17:02","modified_gmt":"2026-04-12T10:17:02","slug":"bugle-antoine-courtois-ac155r-finition-argente-tbe-modele-gros-pavillon-170-mm-trigger-1-et-3-embouchure-neuve","status":"publish","type":"product","link":"https:\/\/atelierdessoufflants.com\/index.php\/produit\/bugle-antoine-courtois-ac155r-finition-argente-tbe-modele-gros-pavillon-170-mm-trigger-1-et-3-embouchure-neuve\/","title":{"rendered":"Bugle Antoine Courtois AC155R finition argent\u00e9 [TBE+++,, mod\u00e8le gros pavillon 170 mm, TRIGGER 1 et 3 + embouchure]"},"content":{"rendered":"<p><strong>GAMME : PRO<\/strong><br \/>\n<strong>ANN\u00c9E :<\/strong><br \/>\n<strong>N\u00b0s\u00e9rie<\/strong> :<\/p>\n<p><strong>INSTRUMENT R\u00c9SERV\u00c9 JUSQU&rsquo;AU 13-01-2026<\/strong><\/p>\n<p>Bugle Antoine Courtois mod\u00e8le 155R, finition argent\u00e9, Mod\u00e8le professionnel, fabrication Fran\u00e7aise (Amboise)<br \/>\nParfait \u00e9tat m\u00e9canique &amp; plastique, argenture 100%, enti\u00e8rement r\u00e9vis\u00e9, aucunes traces de d\u00e9bosselage ou bosse, tr\u00e8s bonne compression piston, parfait \u00e9tat de marche, peu servi, ressort piston neuf.<\/p>\n<p>Parfait pour usage pro et intensif .<\/p>\n<p>-3 pistons<br \/>\n-colonne d&rsquo;air directe<br \/>\n-perce 10,5mm<br \/>\n-pavillon diam\u00e8tre : 170mm (gros)<br \/>\n-Trigger sur coulisse 1 et 3<br \/>\n-Piston monel<br \/>\n-pavillon cuivre rose argent\u00e9<br \/>\n-tonalit\u00e9 Bb<br \/>\n-avec fly d&rsquo;origine + embouchure TBE Yamaha 13F4<\/p>\n<p><em>\u00e0 noter: les 3 boutons de piston ne sont pas d&rsquo;origine<\/em><\/p>\n<p>A VENIR ESSAYER EN ATELIER !!<\/p>\n<p><strong>INSTRUMENT R\u00c9SERV\u00c9 JUSQU&rsquo;AU 13-01-2026<\/strong><\/p>\n","protected":false},"excerpt":{"rendered":"<p>mod\u00e8le pro, facture fran\u00e7aise, trigger sur coulisse 1 et 3, gros pavillon cuivre rose argent\u00e9, m\u00e9canique TBE, superbe timbre<\/p>\n","protected":false},"featured_media":1474,"template":"","meta":[],"product_brand":[77],"product_cat":[17,98,38,47],"product_tag":[],"class_list":{"0":"post-1473","1":"product","2":"type-product","3":"status-publish","4":"has-post-thumbnail","6":"product_brand-antoine-courtois","7":"product_cat-occasions","8":"product_cat-trompettes-occasion-vendu","9":"product_cat-trompettes-cornets-bugle","10":"product_cat-ventes","12":"first","13":"outofstock","14":"sold-individually","15":"shipping-taxable","16":"product-type-simple"},"_links":{"self":[{"href":"https:\/\/atelierdessoufflants.com\/index.php\/wp-json\/wp\/v2\/product\/1473","targetHints":{"allow":["GET"]}}],"collection":[{"href":"https:\/\/atelierdessoufflants.com\/index.php\/wp-json\/wp\/v2\/product"}],"about":[{"href":"https:\/\/atelierdessoufflants.com\/index.php\/wp-json\/wp\/v2\/types\/product"}],"wp:featuredmedia":[{"embeddable":true,"href":"https:\/\/atelierdessoufflants.com\/index.php\/wp-json\/wp\/v2\/media\/1474"}],"wp:attachment":[{"href":"https:\/\/atelierdessoufflants.com\/index.php\/wp-json\/wp\/v2\/media?parent=1473"}],"wp:term":[{"taxonomy":"product_brand","embeddable":true,"href":"https:\/\/atelierdessoufflants.com\/index.php\/wp-json\/wp\/v2\/product_brand?post=1473"},{"taxonomy":"product_cat","embeddable":true,"href":"https:\/\/atelierdessoufflants.com\/index.php\/wp-json\/wp\/v2\/product_cat?post=1473"},{"taxonomy":"product_tag","embeddable":true,"href":"https:\/\/atelierdessoufflants.com\/index.php\/wp-json\/wp\/v2\/product_tag?post=1473"}],"curies":[{"name":"wp","href":"https:\/\/api.w.org\/{rel}","templated":true}]}}