{"id":1411,"date":"2025-10-19T12:51:29","date_gmt":"2025-10-19T10:51:29","guid":{"rendered":"https:\/\/atelierdessoufflants.shop\/?post_type=product&#038;p=1411"},"modified":"2025-12-16T20:24:16","modified_gmt":"2025-12-16T19:24:16","slug":"selmer-trompette-c700-ut-avec-allonge-sib-vernis-facture-francaise-tbe-avec-fly-caisse-dorigine","status":"publish","type":"product","link":"https:\/\/atelierdessoufflants.com\/index.php\/produit\/selmer-trompette-c700-ut-avec-allonge-sib-vernis-facture-francaise-tbe-avec-fly-caisse-dorigine\/","title":{"rendered":"SELMER Trompette C700 UT avec allonge SIb vernis [facture fran\u00e7aise, TBE, avec fly caisse d&rsquo;origine]"},"content":{"rendered":"<p><strong>GAMME : PRO<\/strong><br \/>\n<strong>ANN\u00c9E : 1978<\/strong><br \/>\n<strong>N\u00b0s\u00e9rie : 68395<\/strong><\/p>\n<p>trompette SELMER C700 UT<br \/>\nEn TBE pour son \u00e2ge, parfait \u00e9tat m\u00e9canique<\/p>\n<div class=\"col-12 mb-2 d-flex\">\n<p>Perce: Large 11,75 (L)<br \/>\nPavillon: Large (L)<br \/>\nCorps en laiton<br \/>\nBranche : Maillechort<br \/>\nCoulisses ext: en maillechort<br \/>\ncoulisse pour ton en Sib<br \/>\n3 pistons<br \/>\nFinition: laiton verni<br \/>\navec fly caisse d&rsquo;origine SELMER<\/p>\n<\/div>\n<p><strong><br \/>\nGARANTIE 1 AN<\/strong><\/p>\n","protected":false},"excerpt":{"rendered":"<p>GAMME : PRO ANN\u00c9E : 1978 N\u00b0s\u00e9rie : 68395 trompette SELMER C700 UT En TBE pour son \u00e2ge, parfait \u00e9tat m\u00e9canique Perce: Large 11,75 (L) Pavillon: Large (L) Corps en laiton Branche : Maillechort Coulisses ext: en maillechort coulisse pour ton en Sib 3 pistons Finition: laiton verni avec fly caisse d&rsquo;origine SELMER GARANTIE 1 [&hellip;]<\/p>\n","protected":false},"featured_media":1415,"template":"","meta":[],"product_brand":[66],"product_cat":[17,29,87,38],"product_tag":[],"class_list":{"0":"post-1411","1":"product","2":"type-product","3":"status-publish","4":"has-post-thumbnail","6":"product_brand-henri-selmer-paris","7":"product_cat-occasions","8":"product_cat-trompettes","9":"product_cat-trompettes-occasion","10":"product_cat-trompettes-cornets-bugle","12":"first","13":"instock","14":"sold-individually","15":"shipping-taxable","16":"purchasable","17":"product-type-simple"},"_links":{"self":[{"href":"https:\/\/atelierdessoufflants.com\/index.php\/wp-json\/wp\/v2\/product\/1411","targetHints":{"allow":["GET"]}}],"collection":[{"href":"https:\/\/atelierdessoufflants.com\/index.php\/wp-json\/wp\/v2\/product"}],"about":[{"href":"https:\/\/atelierdessoufflants.com\/index.php\/wp-json\/wp\/v2\/types\/product"}],"wp:featuredmedia":[{"embeddable":true,"href":"https:\/\/atelierdessoufflants.com\/index.php\/wp-json\/wp\/v2\/media\/1415"}],"wp:attachment":[{"href":"https:\/\/atelierdessoufflants.com\/index.php\/wp-json\/wp\/v2\/media?parent=1411"}],"wp:term":[{"taxonomy":"product_brand","embeddable":true,"href":"https:\/\/atelierdessoufflants.com\/index.php\/wp-json\/wp\/v2\/product_brand?post=1411"},{"taxonomy":"product_cat","embeddable":true,"href":"https:\/\/atelierdessoufflants.com\/index.php\/wp-json\/wp\/v2\/product_cat?post=1411"},{"taxonomy":"product_tag","embeddable":true,"href":"https:\/\/atelierdessoufflants.com\/index.php\/wp-json\/wp\/v2\/product_tag?post=1411"}],"curies":[{"name":"wp","href":"https:\/\/api.w.org\/{rel}","templated":true}]}}