{"id":1307,"date":"2025-06-04T15:01:50","date_gmt":"2025-06-04T13:01:50","guid":{"rendered":"https:\/\/atelierdessoufflants.shop\/?post_type=product&#038;p=1307"},"modified":"2025-11-01T19:09:14","modified_gmt":"2025-11-01T18:09:14","slug":"trompette-carol-brass-heavy-ctr-hw9-neuf-branche-inverse-twin-maillechort-laiton-pavilon-phosphore-bronze","status":"publish","type":"product","link":"https:\/\/atelierdessoufflants.com\/index.php\/produit\/trompette-carol-brass-heavy-ctr-hw9-neuf-branche-inverse-twin-maillechort-laiton-pavilon-phosphore-bronze\/","title":{"rendered":"ANTOINE COURTOIS Saxhorn AC266 \u00c9lite Argent\u00e9 [En TBE++, avec \u00e9tui et embouchure]"},"content":{"rendered":"<p><strong>GAMME: PRO<br \/>\n<\/strong><strong>ANN\u00c9E: 2000\/2010<br \/>\nN\u00b0S\u00c9RIE :<br \/>\nD\u00c9POT-VENTE<\/strong><\/p>\n<p>Saxhorn Basse Sib Antoine Courtois AC266 \u00ab\u00a0\u00c9lite\u00a0\u00bb fabrication Amboise (France) entre 2000 et 2010.<br \/>\nInstrument de \u00ab\u00a0haute couture Francaise\u00a0\u00bb dans la tradition du saxhorn de l\u2019hexagone.<br \/>\nL&rsquo;expertise Courtois dans le domaine (AC166 5 pistons depuis de nombreuse ann\u00e9es) a r\u00e9alis\u00e9e en collaboration avec les professeurs du CNSM de Paris et musiciens \u00e0 la garde r\u00e9publicaine de l\u2019\u00e9poque Philippe Fritsch et Jean Luc Petitprez ce saxhorn.<br \/>\nLe travail a abouti sur un instrument compact toujours d\u00e9montable comme ses pr\u00e9d\u00e9cesseurs construit avec une branche et coulisse d&rsquo;accord \u00ab\u00a0position haute\u00a0\u00bb (\u00e0 45 degr\u00e9s ) de mani\u00e8re \u00e0 pouvoir actionner la coulisse d&rsquo;accord (mobile avec trigger \u00e0 ressort) en position assise sur le registre medium et graves tout en restant dans un grand confort de jeu .<\/p>\n<p>En parfait \u00e9tat de marche, tr\u00e8s bel \u00e9tat m\u00e9canique: piston, guide et feutre ok, branche tr\u00e8s peu us\u00e9e, quelques trace d&rsquo;une ancien d\u00e9bosselage sur la cloche du pavillon (tr\u00e8s peu visible) et un tout petit impact \u00e0 \u00e9t\u00e9 enlev\u00e9 sur la culasse .<br \/>\nAucun choc majeur ou bosses visible, plaquage pr\u00e9sent \u00e0 100% avec argenture l\u00e9g\u00e8rement piqu\u00e9e \u00e0 de nombreux endroits sur le pavillon mais peu visible \u00e9galement.<\/p>\n<p>-finition argent\u00e9<br \/>\n-branche d&#8217;embouchure haute avec trigger<br \/>\n-5 pistons (3+2) 4\u00e8me quarte, 5\u00e8me 1 grand ton<br \/>\n-doigt\u00e9s sp\u00e9cifiques pour ces mod\u00e8les le 3 \u00e8me pistons descend de 2 ton et non de 1 ton et demi comme sur un cuivre standard.<br \/>\n-poids:<br \/>\n-3 cl\u00e9s d&rsquo;eau fonctionnelles, celle de la grande coulisse du 5\u00e8me a \u00e9t\u00e9 condamn\u00e9e (pour ne pas salir la chemise)<br \/>\n-touche et chapeaux noir avec nacre v\u00e9ritable<br \/>\n-syst\u00e8me d\u00e9montage pavillon\/bloc et branche d\u00e9montable avec entre-deux d\u00e9vissable<br \/>\n-avec housse d&rsquo;origine et embouchures T2S<\/p>\n<p>Histoire cet instrument par Philippe Fritsch par <a href=\"http:\/\/saxhorneuphoniumtuba.free.fr\/sections.php?op=viewarticle&amp;artid=25\">ICI<\/a><\/p>\n<p><strong>GARANTIE 1 AN<br \/>\nVALEURS \u00e9quivalent NEUF ACTUEL : 6000 \u00e0 6500 euros<\/strong><\/p>\n","protected":false},"excerpt":{"rendered":"<p>ULTRA RARE !!<\/p>\n","protected":false},"featured_media":1344,"template":"","meta":[],"product_brand":[],"product_cat":[17,19,47],"product_tag":[],"class_list":{"0":"post-1307","1":"product","2":"type-product","3":"status-publish","4":"has-post-thumbnail","6":"product_cat-occasions","7":"product_cat-tubas-euphoniuns-saxhorns","8":"product_cat-ventes","10":"first","11":"outofstock","12":"sold-individually","13":"shipping-taxable","14":"product-type-simple"},"_links":{"self":[{"href":"https:\/\/atelierdessoufflants.com\/index.php\/wp-json\/wp\/v2\/product\/1307","targetHints":{"allow":["GET"]}}],"collection":[{"href":"https:\/\/atelierdessoufflants.com\/index.php\/wp-json\/wp\/v2\/product"}],"about":[{"href":"https:\/\/atelierdessoufflants.com\/index.php\/wp-json\/wp\/v2\/types\/product"}],"wp:featuredmedia":[{"embeddable":true,"href":"https:\/\/atelierdessoufflants.com\/index.php\/wp-json\/wp\/v2\/media\/1344"}],"wp:attachment":[{"href":"https:\/\/atelierdessoufflants.com\/index.php\/wp-json\/wp\/v2\/media?parent=1307"}],"wp:term":[{"taxonomy":"product_brand","embeddable":true,"href":"https:\/\/atelierdessoufflants.com\/index.php\/wp-json\/wp\/v2\/product_brand?post=1307"},{"taxonomy":"product_cat","embeddable":true,"href":"https:\/\/atelierdessoufflants.com\/index.php\/wp-json\/wp\/v2\/product_cat?post=1307"},{"taxonomy":"product_tag","embeddable":true,"href":"https:\/\/atelierdessoufflants.com\/index.php\/wp-json\/wp\/v2\/product_tag?post=1307"}],"curies":[{"name":"wp","href":"https:\/\/api.w.org\/{rel}","templated":true}]}}