{"id":1277,"date":"2025-05-19T14:56:18","date_gmt":"2025-05-19T12:56:18","guid":{"rendered":"https:\/\/atelierdessoufflants.shop\/?post_type=product&#038;p=1277"},"modified":"2025-10-22T11:07:07","modified_gmt":"2025-10-22T09:07:07","slug":"flute-traversiere-yamaha-yfl-271-plateaux-creux-sol-decales-mi-mecanique","status":"publish","type":"product","link":"https:\/\/atelierdessoufflants.com\/index.php\/produit\/flute-traversiere-yamaha-yfl-271-plateaux-creux-sol-decales-mi-mecanique\/","title":{"rendered":"Fl\u00fbte Traversi\u00e8re YAMAHA YFL 271 [plateaux creux, Sol d\u00e9cal\u00e9s, Mi m\u00e9canique]"},"content":{"rendered":"<p><strong>GAMME : \u00e9tude<\/strong><br \/>\n<strong>N\u00b0s\u00e9rie : 731622P<\/strong><br \/>\n<strong>ANN\u00c9E: 2014- 2015<br \/>\n<\/strong><\/p>\n<p>Fl\u00fbte traversi\u00e8re\u00a0 Yamaha YFL 271 (fabrication Indon\u00e9sie)<br \/>\nUne r\u00e9f\u00e9rence mondiale en mod\u00e8le d&rsquo;\u00e9tude depuis plus de 30 ans, facilit\u00e9 d&rsquo;\u00e9mission, justesse et fiabilit\u00e9.<br \/>\nEn parfait \u00e9tat de marche elle vient d&rsquo;\u00eatre enti\u00e8rement r\u00e9vis\u00e9e, netoy\u00e9e, r\u00e9gl\u00e9e et graiss\u00e9e.<\/p>\n<p><strong>CARACT\u00c9RISTIQUES :<br \/>\n<\/strong>-embouchure, corps, patte et m\u00e9canique en maillechort argent\u00e9<br \/>\n-plateaux creux avec bouchons plastiques<br \/>\n-cl\u00e9tage plateaux de sol d\u00e9cal\u00e9s (facilit\u00e9 d&rsquo;ergonomie)<br \/>\n-mi m\u00e9canique (<span class=\"ILfuVd\" lang=\"fr\"><span class=\"hgKElc\">Le mi-m\u00e9canique est un levier suppl\u00e9mentaire qui rend le mi aigu (mi3) plus pr\u00e9cis et plus facile \u00e0 jouer<\/span><\/span><br \/>\n-patte Ut<br \/>\n-vis de r\u00e9glage (facilit\u00e9 maintenance atelier)<br \/>\n-rep\u00e8res de montage pour les plus jeunes<br \/>\n-avec \u00e9tui et \u00e9couvillon + housse souple TOM &amp; WILL<\/p>\n<p><strong>GARANTIE 1 AN<\/p>\n<p>Valeur neuf mod\u00e8le actuel avec remises YFL272 PRIX 650 euros environ (800 euros au catalogue)<\/strong><\/p>\n","protected":false},"excerpt":{"rendered":"<p>la r\u00e9f\u00e9rence mondiale en fl\u00fbte traversi\u00e8re d&rsquo;\u00e9tude<\/p>\n","protected":false},"featured_media":1278,"template":"","meta":[],"product_brand":[],"product_cat":[35,17,47],"product_tag":[],"class_list":{"0":"post-1277","1":"product","2":"type-product","3":"status-publish","4":"has-post-thumbnail","6":"product_cat-flutes-traversieres","7":"product_cat-occasions","8":"product_cat-ventes","10":"first","11":"outofstock","12":"sold-individually","13":"shipping-taxable","14":"product-type-simple"},"_links":{"self":[{"href":"https:\/\/atelierdessoufflants.com\/index.php\/wp-json\/wp\/v2\/product\/1277","targetHints":{"allow":["GET"]}}],"collection":[{"href":"https:\/\/atelierdessoufflants.com\/index.php\/wp-json\/wp\/v2\/product"}],"about":[{"href":"https:\/\/atelierdessoufflants.com\/index.php\/wp-json\/wp\/v2\/types\/product"}],"wp:featuredmedia":[{"embeddable":true,"href":"https:\/\/atelierdessoufflants.com\/index.php\/wp-json\/wp\/v2\/media\/1278"}],"wp:attachment":[{"href":"https:\/\/atelierdessoufflants.com\/index.php\/wp-json\/wp\/v2\/media?parent=1277"}],"wp:term":[{"taxonomy":"product_brand","embeddable":true,"href":"https:\/\/atelierdessoufflants.com\/index.php\/wp-json\/wp\/v2\/product_brand?post=1277"},{"taxonomy":"product_cat","embeddable":true,"href":"https:\/\/atelierdessoufflants.com\/index.php\/wp-json\/wp\/v2\/product_cat?post=1277"},{"taxonomy":"product_tag","embeddable":true,"href":"https:\/\/atelierdessoufflants.com\/index.php\/wp-json\/wp\/v2\/product_tag?post=1277"}],"curies":[{"name":"wp","href":"https:\/\/api.w.org\/{rel}","templated":true}]}}