{"id":1153,"date":"2025-05-12T11:32:39","date_gmt":"2025-05-12T09:32:39","guid":{"rendered":"http:\/\/libre.etche.net\/?post_type=product&#038;p=1153"},"modified":"2025-10-22T14:09:43","modified_gmt":"2025-10-22T12:09:43","slug":"embouchure-trompette-schagerl-apredato-gold-plated-occasion-tbe-ou-etat-neuf-avec-boite-dorigine","status":"publish","type":"product","link":"https:\/\/atelierdessoufflants.com\/index.php\/produit\/embouchure-trompette-schagerl-apredato-gold-plated-occasion-tbe-ou-etat-neuf-avec-boite-dorigine\/","title":{"rendered":"EMBOUCHURE TROMPETTE SCHAGERL APREDATO [GOLD PLATED, OCCASION TBE ou ETAT NEUF avec boite d&rsquo;origine]"},"content":{"rendered":"<p><strong><span style=\"font-size: 13px;\">S\u00e9rie APREDATO plaqu\u00e9 OR, argent\u00e9 : <\/span><\/strong><span style=\"font-size: 12px;\">\u00e9tat neuf ou TBE avec boite<\/span><strong><br \/>\n<\/strong><\/p>\n<p><strong><a href=\"https:\/\/schagerl.com\/en\/handcrafted-brass-instruments\/apredato\/\" target=\"_blank\" rel=\"noopener\">INFOS SCHAGERL<\/a> <\/strong><\/p>\n<p><span style=\"font-size: 12px;\"><strong>1 1\/2C<br \/>\n1 1\/4C<br \/>\nSG1<br \/>\nSG2<br \/>\nSG3<br \/>\nSG4 (vendu)<br \/>\nMORRISON ( SIGNATURE)<br \/>\nSANTANA (SIGNATURE) (plaqu\u00e9 argent)<br \/>\nGANSCH ( SIGNATURE)<\/strong><\/span><\/p>\n<p><span style=\"font-size: 12px;\"><strong>Prix NEUF pratiqu\u00e9 : 245 euros<\/strong><\/span><\/p>\n","protected":false},"excerpt":{"rendered":"<p>fabrication autrichienne TOP qualit\u00e9 (Mnozil BB, James Morrison, NDR big band,Hans Gansch, Thorsten Benkenstein &#8230;) syst\u00e8me poids r\u00e9glable par adjonction d&rsquo;eau, grand lot d&#8217;embouchures d&rsquo;occasion en tr\u00e8s bel \u00e9tat ou \u00e9tat neuf, argenture ou plaquage or 100%, avec leur boite d&rsquo;origine<\/p>\n","protected":false},"featured_media":814,"template":"","meta":[],"product_brand":[],"product_cat":[32,17],"product_tag":[],"class_list":{"0":"post-1153","1":"product","2":"type-product","3":"status-publish","4":"has-post-thumbnail","6":"product_cat-embouchures","7":"product_cat-occasions","9":"first","10":"instock","11":"sold-individually","12":"shipping-taxable","13":"purchasable","14":"product-type-simple"},"_links":{"self":[{"href":"https:\/\/atelierdessoufflants.com\/index.php\/wp-json\/wp\/v2\/product\/1153","targetHints":{"allow":["GET"]}}],"collection":[{"href":"https:\/\/atelierdessoufflants.com\/index.php\/wp-json\/wp\/v2\/product"}],"about":[{"href":"https:\/\/atelierdessoufflants.com\/index.php\/wp-json\/wp\/v2\/types\/product"}],"wp:featuredmedia":[{"embeddable":true,"href":"https:\/\/atelierdessoufflants.com\/index.php\/wp-json\/wp\/v2\/media\/814"}],"wp:attachment":[{"href":"https:\/\/atelierdessoufflants.com\/index.php\/wp-json\/wp\/v2\/media?parent=1153"}],"wp:term":[{"taxonomy":"product_brand","embeddable":true,"href":"https:\/\/atelierdessoufflants.com\/index.php\/wp-json\/wp\/v2\/product_brand?post=1153"},{"taxonomy":"product_cat","embeddable":true,"href":"https:\/\/atelierdessoufflants.com\/index.php\/wp-json\/wp\/v2\/product_cat?post=1153"},{"taxonomy":"product_tag","embeddable":true,"href":"https:\/\/atelierdessoufflants.com\/index.php\/wp-json\/wp\/v2\/product_tag?post=1153"}],"curies":[{"name":"wp","href":"https:\/\/api.w.org\/{rel}","templated":true}]}}