{"id":1106,"date":"2025-05-05T13:20:16","date_gmt":"2025-05-05T11:20:16","guid":{"rendered":"http:\/\/libre.etche.net\/?post_type=product&#038;p=1106"},"modified":"2026-01-29T20:57:47","modified_gmt":"2026-01-29T19:57:47","slug":"sousaphone-yamaha-ysh-301-en-tbe-modele-fibre-corps-peinture-neuve-etui-souple-neuf-embouchure-neuve","status":"publish","type":"product","link":"https:\/\/atelierdessoufflants.com\/index.php\/produit\/sousaphone-yamaha-ysh-301-en-tbe-modele-fibre-corps-peinture-neuve-etui-souple-neuf-embouchure-neuve\/","title":{"rendered":"Sousaphone\/Soubassophone YAMAHA YSH-301 [ TBE, peinture neuve, housse sac a dos + embouchures neuve]"},"content":{"rendered":"<p><strong>GAMME : PRO<\/strong><br \/>\n<strong>ANN\u00c9E : <\/strong><br \/>\n<strong>N\u00b0s\u00e9rie :<\/strong><\/p>\n<p><span style=\"font-size: 20px;\"><span style=\"font-size: 12px;\">Enti\u00e8rement r\u00e9vis\u00e9 (nettoyage, graissage,cl\u00e9 d&rsquo;eau, feutres et guides pistons neuf)<strong><br \/>\n<\/strong>peinture du corps neuve, tr\u00e8s bel \u00e9tat g\u00e9n\u00e9ral, m\u00e9canique TBE et peu servie, vernis ray\u00e9 et manquant par endroits.<\/span><\/span><\/p>\n<p>&nbsp;<\/p>\n<p>fabrication :JAPAN<br \/>\nmod\u00e8le:YSH-301<br \/>\nm\u00e9canique: laiton vernis, fourreaux de coulisses maillechort<br \/>\ncorps:fibre de verre renforc\u00e9<br \/>\npistons:alliage monel<br \/>\nguide pistons d\u00e9montable en plastique et inox<br \/>\npavillon r\u00e9sine ABS diam\u00e8tre 663<br \/>\nperce 18,5mm<br \/>\npoids 9.1 kg<br \/>\nhousse souple ritter neuve (nouveau mod\u00e8le haut de gamme)<\/p>\n<p>&nbsp;<\/p>\n<p>(HOUSSE PROTEC NEUVE)<br \/>\n+embouchure neuve GEWA au choix<\/p>\n<p><a href=\"https:\/\/fr.yamaha.com\/fr\/products\/musical_instruments\/winds\/marching_brass\/ysh-301\/index.html#product-tabs\" target=\"_blank\" rel=\"noopener\">INFOS FABRICANT<\/a><\/p>\n<p><strong>GARANTIE 1 AN<\/strong><\/p>\n<p><strong>Valeur neuf environ 7500 euros <\/strong><\/p>\n","protected":false},"excerpt":{"rendered":"<p>sousaphone Bb made in JAPAN, une r\u00e9f\u00e9rence dans sa cat\u00e9gorie des poids \u00a0\u00bbplume\u00a0\u00bb, TBE<\/p>\n","protected":false},"featured_media":1787,"template":"","meta":[],"product_brand":[71],"product_cat":[17,30,47],"product_tag":[],"class_list":{"0":"post-1106","1":"product","2":"type-product","3":"status-publish","4":"has-post-thumbnail","6":"product_brand-yamaha","7":"product_cat-occasions","8":"product_cat-sousaphones","9":"product_cat-ventes","11":"first","12":"outofstock","13":"sold-individually","14":"shipping-taxable","15":"product-type-simple"},"_links":{"self":[{"href":"https:\/\/atelierdessoufflants.com\/index.php\/wp-json\/wp\/v2\/product\/1106","targetHints":{"allow":["GET"]}}],"collection":[{"href":"https:\/\/atelierdessoufflants.com\/index.php\/wp-json\/wp\/v2\/product"}],"about":[{"href":"https:\/\/atelierdessoufflants.com\/index.php\/wp-json\/wp\/v2\/types\/product"}],"wp:featuredmedia":[{"embeddable":true,"href":"https:\/\/atelierdessoufflants.com\/index.php\/wp-json\/wp\/v2\/media\/1787"}],"wp:attachment":[{"href":"https:\/\/atelierdessoufflants.com\/index.php\/wp-json\/wp\/v2\/media?parent=1106"}],"wp:term":[{"taxonomy":"product_brand","embeddable":true,"href":"https:\/\/atelierdessoufflants.com\/index.php\/wp-json\/wp\/v2\/product_brand?post=1106"},{"taxonomy":"product_cat","embeddable":true,"href":"https:\/\/atelierdessoufflants.com\/index.php\/wp-json\/wp\/v2\/product_cat?post=1106"},{"taxonomy":"product_tag","embeddable":true,"href":"https:\/\/atelierdessoufflants.com\/index.php\/wp-json\/wp\/v2\/product_tag?post=1106"}],"curies":[{"name":"wp","href":"https:\/\/api.w.org\/{rel}","templated":true}]}}