{"id":1102,"date":"2025-05-05T13:16:36","date_gmt":"2025-05-05T11:16:36","guid":{"rendered":"http:\/\/libre.etche.net\/?post_type=product&#038;p=1102"},"modified":"2025-12-02T13:27:26","modified_gmt":"2025-12-02T12:27:26","slug":"embouchure-trompette-monette-stc-classic-occasion-tbe-ou-etat-neuf-avec-boite-dorigine","status":"publish","type":"product","link":"https:\/\/atelierdessoufflants.com\/index.php\/produit\/embouchure-trompette-monette-stc-classic-occasion-tbe-ou-etat-neuf-avec-boite-dorigine\/","title":{"rendered":"EMBOUCHURE TROMPETTE MONETTE STC CLASSIC [OCCASION TBE ou ETAT NEUF avec boite d&rsquo;origine]"},"content":{"rendered":"<p><strong><span style=\"font-size: 13px;\">S\u00e9rie STC classic plaqu\u00e9 or : <\/span><\/strong><span style=\"font-size: 12px;\">\u00e9tat neuf ou TBE avec boite<\/span><strong><br \/>\n<\/strong><\/p>\n<p><strong><a href=\"https:\/\/www.monette.net\/bb-trumpet-mouthpieces\" target=\"_blank\" rel=\"noopener\">INFOS MONETTE<\/a> &amp; <a href=\"https:\/\/www.monette.net\/mouthpiece-size-charts\" target=\"_blank\" rel=\"noopener\">tableau des tailles<\/a><\/strong><\/p>\n<p><span style=\"font-size: 12px;\"><strong>B1-5<br \/>\nB1-5MS12 (R\u00c9SERV\u00c9)<br \/>\nB1-5S4<br \/>\n<\/strong><\/span><span style=\"font-size: 12px;\"><strong>B2<br \/>\nB2<br \/>\nB2S3<br \/>\nB2MS3 (VENDU)<br \/>\nB3S3<br \/>\nB3S3<\/strong><\/span><\/p>\n<p>&nbsp;<\/p>\n<p><span style=\"font-size: 12px;\"><strong>Prix NEUF pratiqu\u00e9 : 275 euros<\/strong><\/span><\/p>\n","protected":false},"excerpt":{"rendered":"<p>MONETTE MOUTHPIECES :<\/p>\n<p>C\u00e9l\u00e8bre fabricant californien de trompette haut de gamme et embouchures,\u00a0 lot d&#8217;embouchures d&rsquo;occasion en tr\u00e8s bel \u00e9tat ou \u00e9tat neuf, argenture ou plaquage or 100%, avec leur boite d&rsquo;origine<\/p>\n","protected":false},"featured_media":1103,"template":"","meta":[],"product_brand":[],"product_cat":[32,17],"product_tag":[],"class_list":{"0":"post-1102","1":"product","2":"type-product","3":"status-publish","4":"has-post-thumbnail","6":"product_cat-embouchures","7":"product_cat-occasions","9":"first","10":"instock","11":"sold-individually","12":"shipping-taxable","13":"purchasable","14":"product-type-simple"},"_links":{"self":[{"href":"https:\/\/atelierdessoufflants.com\/index.php\/wp-json\/wp\/v2\/product\/1102","targetHints":{"allow":["GET"]}}],"collection":[{"href":"https:\/\/atelierdessoufflants.com\/index.php\/wp-json\/wp\/v2\/product"}],"about":[{"href":"https:\/\/atelierdessoufflants.com\/index.php\/wp-json\/wp\/v2\/types\/product"}],"wp:featuredmedia":[{"embeddable":true,"href":"https:\/\/atelierdessoufflants.com\/index.php\/wp-json\/wp\/v2\/media\/1103"}],"wp:attachment":[{"href":"https:\/\/atelierdessoufflants.com\/index.php\/wp-json\/wp\/v2\/media?parent=1102"}],"wp:term":[{"taxonomy":"product_brand","embeddable":true,"href":"https:\/\/atelierdessoufflants.com\/index.php\/wp-json\/wp\/v2\/product_brand?post=1102"},{"taxonomy":"product_cat","embeddable":true,"href":"https:\/\/atelierdessoufflants.com\/index.php\/wp-json\/wp\/v2\/product_cat?post=1102"},{"taxonomy":"product_tag","embeddable":true,"href":"https:\/\/atelierdessoufflants.com\/index.php\/wp-json\/wp\/v2\/product_tag?post=1102"}],"curies":[{"name":"wp","href":"https:\/\/api.w.org\/{rel}","templated":true}]}}