{"id":1098,"date":"2025-05-05T13:14:21","date_gmt":"2025-05-05T11:14:21","guid":{"rendered":"http:\/\/libre.etche.net\/?post_type=product&#038;p=1098"},"modified":"2026-03-02T14:26:22","modified_gmt":"2026-03-02T13:26:22","slug":"trombone-basse-olds-vernis-bb-f-g-eb-open-wrap-chrome-coulisse-tube-refait-neuf-etat-general-tbe-fly-et-embouchure","status":"publish","type":"product","link":"https:\/\/atelierdessoufflants.com\/index.php\/produit\/trombone-basse-olds-vernis-bb-f-g-eb-open-wrap-chrome-coulisse-tube-refait-neuf-etat-general-tbe-fly-et-embouchure\/","title":{"rendered":"TROMBONE BASSE OLDS VERNIS [ Open Wrap, 2 barillets en ligne, chrome coulisse neuf, \u00e9tat g\u00e9n\u00e9ral TBE+fly et embouchure ]"},"content":{"rendered":"<p>TBE g\u00e9n\u00e9ral, fabrication US, chrome tube coulisse int\u00e9rieur neuf avec \u00e9tui et embouchure<\/p>\n","protected":false},"excerpt":{"rendered":"<p><strong>GAMME : PRO<\/strong><br \/>\n<strong>ANN\u00c9E :\u00a0<\/strong><br \/>\n<strong>N\u00b0s\u00e9rie : C00074<\/strong><\/p>\n<p>Trombone Basse \u00ab\u00a0Olds\u00a0\u00bb \u00e0 double cylindres finition vernis et coulisses d&rsquo;accords argent\u00e9<br \/>\nen tr\u00e8s bel \u00e9tat g\u00e9n\u00e9ral (aucune bosse ou impact)<br \/>\nfabrication Elkhart (indiana) USA<br \/>\n<a href=\"https:\/\/en-wikipedia-org.translate.goog\/wiki\/F._E._Olds?_x_tr_sl=en&amp;_x_tr_tl=fr&amp;_x_tr_hl=fr&amp;_x_tr_pto=sc\" target=\"_blank\" rel=\"noopener\">Infos fabricant \u00a0\u00bb FE OLDS\u00a0\u00bb<\/a><\/p>\n<p>&nbsp;<\/p>\n<p>CARACT\u00c9RISTIQUES:<\/p>\n<p>-Sib\/Fa\/Solb<br \/>\n-double cylindre en ligne<br \/>\n-Open-Wrap (circuit ouvert)<br \/>\n-perce L : 14.28 mm (0,562&Prime;)<br \/>\n-Pavillon laiton diam\u00e8tre : 26,2 cm (10.3&Prime;)<br \/>\n-tenu coulisse maillechort<br \/>\n-coulisse extra : coulisse int\u00e9rieure neuve , tubes chang\u00e9s (facture \u00e0 l&rsquo;appui)<br \/>\n-coulisse ext\u00e9rieure laiton (aucune trace de chocs ou r\u00e9paration)<br \/>\n-embouchure: marcinkiewicz EBT1*B (oregon USA) mod\u00e8le\u00a0 <span class=\"fx-text fx-text--plus list-item__text\">Signature Bill Rickenbach (\u00e9tat neuf)<\/span><br \/>\n-fly caisse d\u2019origine bois\/tissu<\/p>\n<p><strong>GARANTIE 1 AN<\/strong><\/p>\n<p>Ce mod\u00e8le ne comporte pas de r\u00e9f\u00e9rence de mod\u00e8le, tr\u00e8s probablement un instrument de gamme interm\u00e9diaire fabriqu\u00e9 par BLESSING apr\u00e9s la fermeture de lusine OLDS.<br \/>\nce mod\u00e8le OLDS est tr\u00e8s proche niveau structure et g\u00e9om\u00e9trie globale du BACH stradivarius 50B3LO<\/p>\n","protected":false},"featured_media":1099,"template":"","meta":[],"product_brand":[],"product_cat":[17,31,47],"product_tag":[],"class_list":{"0":"post-1098","1":"product","2":"type-product","3":"status-publish","4":"has-post-thumbnail","6":"product_cat-occasions","7":"product_cat-trombones","8":"product_cat-ventes","10":"first","11":"outofstock","12":"sold-individually","13":"shipping-taxable","14":"product-type-simple"},"_links":{"self":[{"href":"https:\/\/atelierdessoufflants.com\/index.php\/wp-json\/wp\/v2\/product\/1098","targetHints":{"allow":["GET"]}}],"collection":[{"href":"https:\/\/atelierdessoufflants.com\/index.php\/wp-json\/wp\/v2\/product"}],"about":[{"href":"https:\/\/atelierdessoufflants.com\/index.php\/wp-json\/wp\/v2\/types\/product"}],"wp:featuredmedia":[{"embeddable":true,"href":"https:\/\/atelierdessoufflants.com\/index.php\/wp-json\/wp\/v2\/media\/1099"}],"wp:attachment":[{"href":"https:\/\/atelierdessoufflants.com\/index.php\/wp-json\/wp\/v2\/media?parent=1098"}],"wp:term":[{"taxonomy":"product_brand","embeddable":true,"href":"https:\/\/atelierdessoufflants.com\/index.php\/wp-json\/wp\/v2\/product_brand?post=1098"},{"taxonomy":"product_cat","embeddable":true,"href":"https:\/\/atelierdessoufflants.com\/index.php\/wp-json\/wp\/v2\/product_cat?post=1098"},{"taxonomy":"product_tag","embeddable":true,"href":"https:\/\/atelierdessoufflants.com\/index.php\/wp-json\/wp\/v2\/product_tag?post=1098"}],"curies":[{"name":"wp","href":"https:\/\/api.w.org\/{rel}","templated":true}]}}