{"id":1068,"date":"2025-04-30T15:26:13","date_gmt":"2025-04-30T13:26:13","guid":{"rendered":"http:\/\/libre.etche.net\/?post_type=product&#038;p=1068"},"modified":"2025-10-25T15:08:54","modified_gmt":"2025-10-25T13:08:54","slug":"n-u-d-e-s-a-x","status":"publish","type":"product","link":"https:\/\/atelierdessoufflants.com\/index.php\/produit\/n-u-d-e-s-a-x\/","title":{"rendered":"N U D E S A X"},"content":{"rendered":"<p><strong>CR\u00c9ATION:<\/strong>\u00a0 2022<\/p>\n<p><strong>DESCRIPTIONS: <\/strong>saxophone soprano courbe d\u00e9-vernis sans cl\u00e9tage, sans ressort aiguille, sans vis \u00e0 pointe<\/p>\n<p>sur socle de bois exotique huil\u00e9<\/p>\n<p><strong>DIMENSIONS:<\/strong> <strong><br \/>\n<\/strong><\/p>\n<p><strong>POIDS <\/strong>:<\/p>\n<p><strong>PRIX: <\/strong>VENDU<\/p>\n","protected":false},"excerpt":{"rendered":"<p>saxophone soprano courbe dans son plus simple appareil<\/p>\n","protected":false},"featured_media":1069,"template":"","meta":[],"product_brand":[],"product_cat":[48],"product_tag":[],"class_list":{"0":"post-1068","1":"product","2":"type-product","3":"status-publish","4":"has-post-thumbnail","6":"product_cat-tomich","8":"first","9":"outofstock","10":"sold-individually","11":"shipping-taxable","12":"product-type-simple"},"_links":{"self":[{"href":"https:\/\/atelierdessoufflants.com\/index.php\/wp-json\/wp\/v2\/product\/1068","targetHints":{"allow":["GET"]}}],"collection":[{"href":"https:\/\/atelierdessoufflants.com\/index.php\/wp-json\/wp\/v2\/product"}],"about":[{"href":"https:\/\/atelierdessoufflants.com\/index.php\/wp-json\/wp\/v2\/types\/product"}],"wp:featuredmedia":[{"embeddable":true,"href":"https:\/\/atelierdessoufflants.com\/index.php\/wp-json\/wp\/v2\/media\/1069"}],"wp:attachment":[{"href":"https:\/\/atelierdessoufflants.com\/index.php\/wp-json\/wp\/v2\/media?parent=1068"}],"wp:term":[{"taxonomy":"product_brand","embeddable":true,"href":"https:\/\/atelierdessoufflants.com\/index.php\/wp-json\/wp\/v2\/product_brand?post=1068"},{"taxonomy":"product_cat","embeddable":true,"href":"https:\/\/atelierdessoufflants.com\/index.php\/wp-json\/wp\/v2\/product_cat?post=1068"},{"taxonomy":"product_tag","embeddable":true,"href":"https:\/\/atelierdessoufflants.com\/index.php\/wp-json\/wp\/v2\/product_tag?post=1068"}],"curies":[{"name":"wp","href":"https:\/\/api.w.org\/{rel}","templated":true}]}}