{"id":1048,"date":"2025-04-30T10:20:31","date_gmt":"2025-04-30T08:20:31","guid":{"rendered":"http:\/\/libre.etche.net\/?post_type=product&#038;p=1048"},"modified":"2025-10-22T14:08:32","modified_gmt":"2025-10-22T12:08:32","slug":"embouchure-trompette-yamaha-custom-standard-gold-plated-argente-occasion-tbe-ou-etat-neuf-avec-boite-dorigine","status":"publish","type":"product","link":"https:\/\/atelierdessoufflants.com\/index.php\/produit\/embouchure-trompette-yamaha-custom-standard-gold-plated-argente-occasion-tbe-ou-etat-neuf-avec-boite-dorigine\/","title":{"rendered":"EMBOUCHURE TROMPETTE YAMAHA CUSTOM &#038; STANDARD [GOLD PLATED &#038; ARGENTE, OCCASION TBE ou ETAT NEUF avec boite d&rsquo;origine]"},"content":{"rendered":"<p><span style=\"font-size: 13px;\"><strong>S\u00e9rie STANDARD argent\u00e9 &amp; CUSTOM GP (conception g\u00e9n\u00e9rale lourde \u00ab\u00a0MEGATONE\u00a0\u00bb, interieur de la cuvette plaqu\u00e9 OR pour un grand confort avec les l\u00e8vres)\u00a0 : <\/strong><\/span>neuf, \u00e9tat neuf ou TBE avec boite<strong><br \/>\n<\/strong><\/p>\n<p><strong><a href=\"https:\/\/fr.yamaha.com\/fr\/products\/musical_instruments\/winds\/mouthpieces\/trumpets\/index.html\" target=\"_blank\" rel=\"noopener\">INFOS YAMAHA<\/a><\/strong><\/p>\n<p><strong>16C4GP<\/strong> (cuvette plaqu\u00e9 or): \u00e9tat neuf expo avec boite<strong><br \/>\n17C4GP<\/strong>(cuvette plaqu\u00e9 or): \u00e9tat neuf expo avec boite<strong><br \/>\n17C4GP<\/strong>(cuvette plaqu\u00e9 or): \u00e9tat neuf expo avec boite<strong><br \/>\n17C4GP<\/strong>(cuvette plaqu\u00e9 or): \u00e9tat neuf expo\u00a0 avec boite<\/p>\n<p>PRIX:<strong> 75 euros\u00a0 <\/strong>(prix neuf 138 euros)<\/p>\n<p><strong>16C4:<\/strong>\u00e9tat neuf expo avec boite<br \/>\n<strong>17B4:<\/strong>\u00e9tat neuf expo avec boite<br \/>\n<strong>17C4<\/strong>:\u00e9tat neuf expo avec boite<\/p>\n<p>PRIX:<strong> 32 euros<\/strong> (prix neuf 64 euros)<\/p>\n<p><strong>14A4A<\/strong>:neuve<br \/>\n<strong>13A4A<\/strong>:neuve<\/p>\n<p>PRIX:<strong> 64 euros<\/strong><\/p>\n<p><strong>11B4<\/strong>: \u00e9tat g\u00e9n\u00e9ral: moyen divers (rayures et choc externe, bord=OK) PRIX:<strong> 12 euros<br \/>\n11B4:<\/strong> \u00e9tat g\u00e9n\u00e9ral: bon \u00e9tat PRIX:<strong> 20 euros<\/strong><span style=\"font-size: 12px;\"><br \/>\n<\/span><\/p>\n","protected":false},"excerpt":{"rendered":"<p>grand lot d&#8217;embouchures d&rsquo;occasion en tr\u00e8s bel \u00e9tat ou \u00e9tat neuf ou neuf, argenture ou plaquage or 100%, avec leur boite d&rsquo;origine<\/p>\n","protected":false},"featured_media":1049,"template":"","meta":[],"product_brand":[],"product_cat":[32,17],"product_tag":[],"class_list":{"0":"post-1048","1":"product","2":"type-product","3":"status-publish","4":"has-post-thumbnail","6":"product_cat-embouchures","7":"product_cat-occasions","9":"first","10":"instock","11":"sold-individually","12":"shipping-taxable","13":"purchasable","14":"product-type-simple"},"_links":{"self":[{"href":"https:\/\/atelierdessoufflants.com\/index.php\/wp-json\/wp\/v2\/product\/1048","targetHints":{"allow":["GET"]}}],"collection":[{"href":"https:\/\/atelierdessoufflants.com\/index.php\/wp-json\/wp\/v2\/product"}],"about":[{"href":"https:\/\/atelierdessoufflants.com\/index.php\/wp-json\/wp\/v2\/types\/product"}],"wp:featuredmedia":[{"embeddable":true,"href":"https:\/\/atelierdessoufflants.com\/index.php\/wp-json\/wp\/v2\/media\/1049"}],"wp:attachment":[{"href":"https:\/\/atelierdessoufflants.com\/index.php\/wp-json\/wp\/v2\/media?parent=1048"}],"wp:term":[{"taxonomy":"product_brand","embeddable":true,"href":"https:\/\/atelierdessoufflants.com\/index.php\/wp-json\/wp\/v2\/product_brand?post=1048"},{"taxonomy":"product_cat","embeddable":true,"href":"https:\/\/atelierdessoufflants.com\/index.php\/wp-json\/wp\/v2\/product_cat?post=1048"},{"taxonomy":"product_tag","embeddable":true,"href":"https:\/\/atelierdessoufflants.com\/index.php\/wp-json\/wp\/v2\/product_tag?post=1048"}],"curies":[{"name":"wp","href":"https:\/\/api.w.org\/{rel}","templated":true}]}}